{"id":75,"date":"2023-05-26T13:15:18","date_gmt":"2023-05-26T11:15:18","guid":{"rendered":"http:\/\/imcs4u.de\/HP_WP_IMCS\/?page_id=75"},"modified":"2023-05-26T17:58:32","modified_gmt":"2023-05-26T15:58:32","slug":"maxy-plotters","status":"publish","type":"page","link":"https:\/\/www.imcs4u.de\/en\/maxy-plotters\/","title":{"rendered":"MaXY Plotters"},"content":{"rendered":"<p>Our MaXY plotters have been specifically designed for the textile industry, offering an efficient solution for transferring design specifications onto fabric panels.<\/p>\n\n\n\n<p>With an X-axis and up to 4 independently moving Y-axes, the MaXY system accurately transfers design specifications onto the fabric. The drawing process is nearly invisible, allowing employees, regardless of their gender identity, to have a precise representation of seams and fold areas on the fabric.<\/p>\n\n\n\n<p>Our plotters work with either UV ink or HP ink cartridges, and switching between the two systems is easily done through the software.<\/p>\n\n\n\n<p>Currently, this plotting system is being integrated into our Hauser QLA systems and stands as a unique offering in the international market.<\/p>\n\n\n\n<p>Please note that the text has been optimized to be clearer and more concise.<\/p>\n\n\n\n<figure class=\"wp-block-video\"><video height=\"720\" style=\"aspect-ratio: 1280 \/ 720;\" width=\"1280\" controls src=\"http:\/\/www.imcs4u.de\/wp-content\/uploads\/2023\/05\/IMCS_MaXY_Plottertisch.mp4\"><\/video><\/figure>\n\n\n\n<figure class=\"wp-block-video\"><video height=\"720\" style=\"aspect-ratio: 1280 \/ 720;\" width=\"1280\" controls src=\"http:\/\/www.imcs4u.de\/wp-content\/uploads\/2023\/05\/IMCS_MaXY_Software.mp4\"><\/video><\/figure>\n\n\n<div class=\"wp-block-image\">\n<figure class=\"aligncenter size-full\"><img loading=\"lazy\" decoding=\"async\" width=\"484\" height=\"548\" src=\"http:\/\/www.imcs4u.de\/wp-content\/uploads\/2023\/05\/MaXY_Leitstand-1.png\" alt=\"\" class=\"wp-image-155\" srcset=\"https:\/\/www.imcs4u.de\/wp-content\/uploads\/2023\/05\/MaXY_Leitstand-1.png 484w, https:\/\/www.imcs4u.de\/wp-content\/uploads\/2023\/05\/MaXY_Leitstand-1-265x300.png 265w, https:\/\/www.imcs4u.de\/wp-content\/uploads\/2023\/05\/MaXY_Leitstand-1-11x12.png 11w\" sizes=\"auto, (max-width: 484px) 100vw, 484px\" \/><\/figure>\n<\/div>","protected":false},"excerpt":{"rendered":"<p>Unsere MaXY Plotter sind speziell f\u00fcr die Textilindustrie entwickelt worden. Sie bieten eine effiziente L\u00f6sung f\u00fcr die \u00dcbertragung von Zeichnungsvorgaben[&#8230;]<\/p>","protected":false},"author":1,"featured_media":0,"parent":0,"menu_order":0,"comment_status":"closed","ping_status":"closed","template":"","meta":{"footnotes":""},"class_list":["post-75","page","type-page","status-publish","hentry"],"_links":{"self":[{"href":"https:\/\/www.imcs4u.de\/en\/wp-json\/wp\/v2\/pages\/75","targetHints":{"allow":["GET"]}}],"collection":[{"href":"https:\/\/www.imcs4u.de\/en\/wp-json\/wp\/v2\/pages"}],"about":[{"href":"https:\/\/www.imcs4u.de\/en\/wp-json\/wp\/v2\/types\/page"}],"author":[{"embeddable":true,"href":"https:\/\/www.imcs4u.de\/en\/wp-json\/wp\/v2\/users\/1"}],"replies":[{"embeddable":true,"href":"https:\/\/www.imcs4u.de\/en\/wp-json\/wp\/v2\/comments?post=75"}],"version-history":[{"count":9,"href":"https:\/\/www.imcs4u.de\/en\/wp-json\/wp\/v2\/pages\/75\/revisions"}],"predecessor-version":[{"id":157,"href":"https:\/\/www.imcs4u.de\/en\/wp-json\/wp\/v2\/pages\/75\/revisions\/157"}],"wp:attachment":[{"href":"https:\/\/www.imcs4u.de\/en\/wp-json\/wp\/v2\/media?parent=75"}],"curies":[{"name":"wp","href":"https:\/\/api.w.org\/{rel}","templated":true}]}}